{"id":531,"date":"2025-05-15T12:14:47","date_gmt":"2025-05-15T12:14:47","guid":{"rendered":"https:\/\/pwaqar.com\/?page_id=531"},"modified":"2025-07-02T12:15:48","modified_gmt":"2025-07-02T12:15:48","slug":"contact-us","status":"publish","type":"page","link":"https:\/\/pwaqar.com\/tr\/contact-us\/","title":{"rendered":"Bize Ula\u015f\u0131n"},"content":{"rendered":"\n<div class=\"wp-block-columns are-vertically-aligned-center is-layout-flex wp-container-core-columns-is-layout-28f84493 wp-block-columns-is-layout-flex\">\n<div class=\"wp-block-column is-vertically-aligned-center is-layout-flow wp-block-column-is-layout-flow\" style=\"padding-right:2rem;padding-left:2rem\">\n<p>Sorular\u0131n\u0131z\u0131 cevaplamak ve ihtiyac\u0131n\u0131z olan her konuda size yard\u0131mc\u0131 olmak i\u00e7in buraday\u0131z.<\/p>\n\n\n\n<p><strong>Bizimle \u015fu yolla ileti\u015fime ge\u00e7in<\/strong>:<\/p>\n\n\n\n<p>E-posta: <a href=\"mailto:info@pwapar.com\">info@pwapar.com<\/a><\/p>\n\n\n\n<p>WhatsApp: <a href=\"tel:905335589040\">+90 533 558 90 40<\/a><\/p>\n<\/div>\n\n\n\n<div class=\"wp-block-column is-vertically-aligned-center is-layout-flow wp-container-core-column-is-layout-b2a27621 wp-block-column-is-layout-flow\" style=\"border-style:none;border-width:0px;border-radius:0px;padding-top:0;padding-right:0;padding-bottom:0;padding-left:0\">\n<p class=\"has-text-align-center has-text-color has-link-color wp-elements-b95fa4cf379f06b57bc5c37fcb76c5f5\" style=\"color:#94469a\">\u00dccretsiz dan\u0131\u015fmanl\u0131\u011f\u0131n\u0131z\u0131 ay\u0131rt\u0131n<\/p>\n\n\n\n<iframe data-form-title=\"pwaqar contact page T\u00fcrk\u00e7e\" height=\"400\" style=\"border: none; width: 100%\" src='https:\/\/atiraspace.com\/api\/form\/68650bc579fe864495cca5e2\/generate'><\/iframe>\n<\/div>\n<\/div>\n","protected":false},"excerpt":{"rendered":"<p>Sorular\u0131n\u0131z\u0131 cevaplamak ve ihtiyac\u0131n\u0131z olan her konuda size yard\u0131mc\u0131 olmak i\u00e7in buraday\u0131z. Bizimle \u015fu yolla ileti\u015fime ge\u00e7in: E-posta: info@pwapar.com WhatsApp: &#8230; <\/p>\n","protected":false},"author":3,"featured_media":0,"parent":0,"menu_order":0,"comment_status":"closed","ping_status":"closed","template":"","meta":{"_acf_changed":false,"_surecart_dashboard_logo_width":"180px","_surecart_dashboard_show_logo":true,"_surecart_dashboard_navigation_orders":true,"_surecart_dashboard_navigation_invoices":true,"_surecart_dashboard_navigation_subscriptions":true,"_surecart_dashboard_navigation_downloads":true,"_surecart_dashboard_navigation_billing":true,"_surecart_dashboard_navigation_account":true,"footnotes":""},"class_list":["post-531","page","type-page","status-publish","hentry"],"acf":[],"_links":{"self":[{"href":"https:\/\/pwaqar.com\/tr\/wp-json\/wp\/v2\/pages\/531","targetHints":{"allow":["GET"]}}],"collection":[{"href":"https:\/\/pwaqar.com\/tr\/wp-json\/wp\/v2\/pages"}],"about":[{"href":"https:\/\/pwaqar.com\/tr\/wp-json\/wp\/v2\/types\/page"}],"author":[{"embeddable":true,"href":"https:\/\/pwaqar.com\/tr\/wp-json\/wp\/v2\/users\/3"}],"replies":[{"embeddable":true,"href":"https:\/\/pwaqar.com\/tr\/wp-json\/wp\/v2\/comments?post=531"}],"version-history":[{"count":2,"href":"https:\/\/pwaqar.com\/tr\/wp-json\/wp\/v2\/pages\/531\/revisions"}],"predecessor-version":[{"id":549,"href":"https:\/\/pwaqar.com\/tr\/wp-json\/wp\/v2\/pages\/531\/revisions\/549"}],"wp:attachment":[{"href":"https:\/\/pwaqar.com\/tr\/wp-json\/wp\/v2\/media?parent=531"}],"curies":[{"name":"wp","href":"https:\/\/api.w.org\/{rel}","templated":true}]}}