{"id":526,"date":"2025-05-15T12:15:58","date_gmt":"2025-05-15T12:15:58","guid":{"rendered":"https:\/\/pwaqar.com\/?page_id=526"},"modified":"2025-10-23T12:09:38","modified_gmt":"2025-10-23T12:09:38","slug":"about-pwaqar","status":"publish","type":"page","link":"https:\/\/pwaqar.com\/tr\/about-pwaqar\/","title":{"rendered":"Hakk\u0131m\u0131zda"},"content":{"rendered":"\n<p>PwAqar, \u00e7evrimi\u00e7i varl\u0131klar\u0131n\u0131 olu\u015fturmak, geli\u015ftirmek ve s\u00fcrd\u00fcrmek isteyen emlak \u015firketleri ve ajanslar\u0131 i\u00e7in nihai \u00e7\u00f6z\u00fcmd\u00fcr.<\/p>\n\n\n\n<p>Tek durakl\u0131 bir platform olarak PwAqar, emlak sekt\u00f6r\u00fcn\u00fcn benzersiz dijital ihtiya\u00e7lar\u0131n\u0131 kar\u015f\u0131lamak \u00fczere tasarlanm\u0131\u015f kapsaml\u0131 bir hizmet paketi sunar.<\/p>\n\n\n\n<h2 class=\"wp-block-heading\">Neden PwAqar?<\/h2>\n\n\n\n<p>Emlak \u015firketlerinin sadece bir web sitesine de\u011fil, m\u00fc\u015fterileri \u00e7eken ve rekabet\u00e7i pazarda \u00f6ne \u00e7\u0131kan dinamik, tamamen entegre bir dijital varl\u0131\u011fa ihtiyac\u0131 vard\u0131r.<\/p>\n\n\n\n<p>PwAqar, teknolojiyi, yarat\u0131c\u0131l\u0131\u011f\u0131 ve stratejik pazarlamay\u0131 eri\u015filebilir tek bir yerde birle\u015ftirir.<\/p>\n\n\n\n<h2 class=\"wp-block-heading\">Hizmetlerimiz:<\/h2>\n\n\n\n<ul class=\"wp-block-list\">\n<li><strong>\u00d6zel Emlak Web Siteleri:<\/strong> Profesyonel, duyarl\u0131 ve m\u00fc\u015fteri etkile\u015fimi i\u00e7in optimize edilmi\u015f.<\/li>\n\n\n\n<li><strong>Tema ve Eklentiler:<\/strong> M\u00fclkleri sergilemek ve m\u00fc\u015fteri etkile\u015fimlerini verimli y\u00f6netmek i\u00e7in \u00f6zel olarak haz\u0131rlanm\u0131\u015f.<\/li>\n\n\n\n<li><strong>Dijital Ara\u00e7lar:<\/strong> Verimlili\u011fi art\u0131r\u0131r ve pazarlama \u00e7al\u0131\u015fmalar\u0131n\u0131z\u0131 kolayla\u015ft\u0131r\u0131r.<\/li>\n\n\n\n<li><strong>Pazarlama \u00c7\u00f6z\u00fcmleri:<\/strong> Trafik \u00e7ekmek, g\u00f6r\u00fcn\u00fcrl\u00fc\u011f\u00fc art\u0131rmak ve potansiyel m\u00fc\u015fterileri d\u00f6n\u00fc\u015f\u00fcme \u00e7evirmek i\u00e7in kan\u0131tlanm\u0131\u015f stratejiler.<\/li>\n<\/ul>\n\n\n\n<h2 class=\"wp-block-heading\">Kimlere Hizmet Veriyoruz:<\/h2>\n\n\n\n<p>PwAqar, \u015funlara hitap eder:<\/p>\n\n\n\n<ul class=\"wp-block-list\">\n<li>Dijital varl\u0131klar\u0131n\u0131 modernize etmek isteyen emlak ajanslar\u0131.<\/li>\n\n\n\n<li>G\u00fc\u00e7l\u00fc \u00e7evrimi\u00e7i \u00e7\u00f6z\u00fcmlere ihtiya\u00e7 duyan m\u00fclk y\u00f6netim \u015firketleri.<\/li>\n\n\n\n<li>G\u00f6r\u00fcn\u00fcrl\u00fc\u011f\u00fcn\u00fc art\u0131rmay\u0131 hedefleyen ba\u011f\u0131ms\u0131z emlak dan\u0131\u015fmanlar\u0131.<\/li>\n<\/ul>\n\n\n\n<h2 class=\"wp-block-heading\">Vizyonumuz:<\/h2>\n\n\n\n<p>G\u00fc\u00e7l\u00fc bir \u00e7evrimi\u00e7i varl\u0131\u011f\u0131n karma\u015f\u0131k olmamas\u0131 gerekti\u011fine inan\u0131yoruz. Bu y\u00fczden emlak profesyonellerinin kolayca kullanabilece\u011fi ve fayda sa\u011flayabilece\u011fi basit, etkili ve etkileyici \u00e7\u00f6z\u00fcmler yaratmaya odaklan\u0131yoruz.<\/p>\n\n\n\n<h2 class=\"wp-block-heading\">Bug\u00fcn Ba\u015flay\u0131n!<\/h2>\n\n\n\n<p>PwAqar toplulu\u011funa kat\u0131l\u0131n ve emlak i\u015finizi bir \u00fcst seviyeye ta\u015f\u0131y\u0131n. Yeni bir web sitesi olu\u015fturmak, mevcut sitenizi geli\u015ftirmek ya da \u00e7evrimi\u00e7i pazarlaman\u0131z\u0131 g\u00fc\u00e7lendirmek istiyorsan\u0131z, PwAqar sizin i\u00e7in burada.<\/p>\n","protected":false},"excerpt":{"rendered":"<p>PwAqar, \u00e7evrimi\u00e7i varl\u0131klar\u0131n\u0131 olu\u015fturmak, geli\u015ftirmek ve s\u00fcrd\u00fcrmek isteyen emlak \u015firketleri ve ajanslar\u0131 i\u00e7in nihai \u00e7\u00f6z\u00fcmd\u00fcr. Tek durakl\u0131 bir platform olarak &#8230; <\/p>\n","protected":false},"author":3,"featured_media":0,"parent":0,"menu_order":0,"comment_status":"closed","ping_status":"closed","template":"","meta":{"_acf_changed":false,"_surecart_dashboard_logo_width":"180px","_surecart_dashboard_show_logo":true,"_surecart_dashboard_navigation_orders":true,"_surecart_dashboard_navigation_invoices":true,"_surecart_dashboard_navigation_subscriptions":true,"_surecart_dashboard_navigation_downloads":true,"_surecart_dashboard_navigation_billing":true,"_surecart_dashboard_navigation_account":true,"footnotes":""},"class_list":["post-526","page","type-page","status-publish","hentry"],"acf":[],"_links":{"self":[{"href":"https:\/\/pwaqar.com\/tr\/wp-json\/wp\/v2\/pages\/526","targetHints":{"allow":["GET"]}}],"collection":[{"href":"https:\/\/pwaqar.com\/tr\/wp-json\/wp\/v2\/pages"}],"about":[{"href":"https:\/\/pwaqar.com\/tr\/wp-json\/wp\/v2\/types\/page"}],"author":[{"embeddable":true,"href":"https:\/\/pwaqar.com\/tr\/wp-json\/wp\/v2\/users\/3"}],"replies":[{"embeddable":true,"href":"https:\/\/pwaqar.com\/tr\/wp-json\/wp\/v2\/comments?post=526"}],"version-history":[{"count":2,"href":"https:\/\/pwaqar.com\/tr\/wp-json\/wp\/v2\/pages\/526\/revisions"}],"predecessor-version":[{"id":1183,"href":"https:\/\/pwaqar.com\/tr\/wp-json\/wp\/v2\/pages\/526\/revisions\/1183"}],"wp:attachment":[{"href":"https:\/\/pwaqar.com\/tr\/wp-json\/wp\/v2\/media?parent=526"}],"curies":[{"name":"wp","href":"https:\/\/api.w.org\/{rel}","templated":true}]}}